{"id":829,"date":"2018-08-29T17:09:51","date_gmt":"2018-08-29T20:09:51","guid":{"rendered":"https:\/\/institutoemignone-bue.infd.edu.ar\/sitio\/historia\/"},"modified":"2020-12-10T14:44:18","modified_gmt":"2020-12-10T17:44:18","slug":"historia","status":"publish","type":"page","link":"https:\/\/institutoemignone-bue.infd.edu.ar\/sitio\/historia\/","title":{"rendered":"Historia"},"content":{"rendered":"<p><span style=\"color: #cc6600; font-family: verdana, geneva; font-size: 10pt;\"><strong>Historia<\/strong><\/span><\/p>\n<table style=\"width: 100%;\" border=\"0\" cellspacing=\"0\" cellpadding=\"0\">\n<tbody>\n<tr>\n<td colspan=\"2\" valign=\"top\" height=\"185\">ORIGEN Y EVOLUCI\u00d3N DESDE SU CREACI\u00d3N EN 1987 HASTA 2008.<br \/>\n<em>Apuntes elaborados por el Lic. Antonino E. Mart\u00ednez<\/em><strong><span style=\"color: #336666; font-family: verdana, geneva; font-size: 10pt;\" data-mce-mark=\"1\">INTRODUCCI\u00d3N.<\/span><\/strong><span style=\"color: #336666; font-family: verdana, geneva; font-size: 10pt;\" data-mce-mark=\"1\">Su denominaci\u00f3n completa es INSTITUTO MUNICIPAL SUPERIOR DE EDUCACI\u00d3N Y TECNOLOG\u00cdA \u201cDR. EMILIO FERM\u00cdN MIGNONE\u201d. Fue creado por la Municipalidad de Luj\u00e1n mediante la ordenanza N\u00ba 2018 sancionada por el Honorable Consejo Deliberante el 30 de abril de 1987, siendo intendente de Luj\u00e1n el C.P.N. Rub\u00e9n Dar\u00edo Rampazzi en representaci\u00f3n de la U.C.R.<\/span><\/p>\n<p><span style=\"color: #336666; font-family: verdana, geneva; font-size: 10pt;\">Inicialmente se lo design\u00f3 Instituto Municipal Superior de Perfeccionamiento Docente. M\u00e1s tarde se cambi\u00f3 por la actual para dar cabida a otras ofertas educativas y el 13 de diciembre del 2003\u00a0 siendo intendente Miguel Prince se le impuso el nombre de Dr. Emilio Ferm\u00edn Mignone. En forma abreviada se lo conoce como Instituto Mignone.<\/span><\/p>\n<p><span style=\"color: #336666; font-family: verdana, geneva; font-size: 10pt;\">El Dr. Emilio Ferm\u00edn Mignone, hijo de Luj\u00e1n, fue un\u00a0 destacado educador y pol\u00edtico. Autor de numerosos libros, luch\u00f3 por la vigencia de los derechos humanos desde la Comisi\u00f3n Nacional que presidi\u00f3 hasta su fallecimiento.<\/span><\/p>\n<p><span style=\"color: #336666; font-family: verdana, geneva; font-size: 10pt;\">Denunci\u00f3, en nuestro pa\u00eds y en el extranjero, los cr\u00edmenes de lesa humanidad cometidos por la dictadura militar que usurp\u00f3 el poder a partir del golpe del 24 de marzo de 1976 hasta el retorno de la democracia en 1983.<\/span><\/p>\n<p><span style=\"color: #336666; font-family: verdana, geneva; font-size: 10pt;\">Fue rector de la Universidad Nacional de Luj\u00e1n.<\/span><\/p>\n<p><span style=\"color: #336666; font-family: verdana, geneva; font-size: 10pt;\">Las clases se inauguraron el 10 de mayo de 1987 con un acto realizado en el Museo Municipal de Bellas Artes \u201cFern\u00e1n F\u00e9lix de Amador\u201d, ubicado en la calle 9 de Julio 863, que fue su primera sede. Inicialmente se dict\u00f3 el pos grado de Jard\u00edn Maternal.<\/span><\/p>\n<p><span style=\"color: #336666; font-family: verdana, geneva; font-size: 10pt;\">En 1988 se cre\u00f3 el profesorado de Educaci\u00f3n\u00a0 F\u00edsica, carrera que contin\u00faa ofreci\u00e9ndose hasta la actualidad.<\/span><\/p>\n<p><span style=\"color: #336666; font-family: verdana, geneva; font-size: 10pt;\">Cuando las instalaciones del Museo de Bellas Artes resultaron insuficientes, mediante una autorizaci\u00f3n del Consejo Escolar se ocupan las instalaciones de la Escuela N\u00ba 12 \u201cDomingo Faustino Sarmiento\u201d, ubicada en la esquina de las calles G\u00fcemes e Ituzaing\u00f3,\u00a0 en el turno vespertino.<\/span><\/p>\n<p><span style=\"color: #336666; font-family: verdana, geneva; font-size: 10pt;\">En el 2000, siendo Intendente Municipal el Dr. Miguel \u00c1ngel Prince y director del Instituto MIgnone el Lic. Tom\u00e1s Alfredo De Maio, se inician gestiones para instalar cuatro aulas premoldeadas en un solar, aleda\u00f1o al Polideportivo Municipal, ubicado en\u00a0 Avellaneda 1389. Estas aulas pertenec\u00edan a la Escuela Media N\u00ba 1 \u201cPaula Albarrac\u00edn\u201d, que fueron reemplazadas por salones de mamposter\u00eda. En consecuencia, a partir de 2001 el Instituto Mignone cuenta con sede propia a la cual se le van agregando nuevas dependencias para atender a las necesidades de una poblaci\u00f3n estudiantil siempre en crecimiento.<\/span><\/p>\n<p><span style=\"color: #336666; font-family: verdana, geneva; font-size: 10pt;\">Distintas circunstancias llevaron a que dejara de dictarse el pos grado de Jard\u00edn Maternal.<\/span><\/p>\n<p><span style=\"color: #336666; font-family: verdana, geneva; font-size: 10pt;\">En 1991 se abri\u00f3 la carrera de Bibliotecolog\u00eda.<\/span><\/p>\n<p><span style=\"color: #336666; font-family: verdana, geneva; font-size: 10pt;\">En 2003 se incorporaron dos tecnicaturas: T\u00e9cnico Superior en Relaciones P\u00fablicas y Ceremonial\u00a0 y Analista en Servicios Gastron\u00f3micos, de tres a\u00f1os de duraci\u00f3n cada una. A \u00e9stas se agreg\u00f3, en 2005, una m\u00e1s: Tecnicatura Superior en Gesti\u00f3n Cultural.<\/span><\/p>\n<p><span style=\"color: #336666; font-family: verdana, geneva; font-size: 10pt;\">Desde su creaci\u00f3n en 1987 ha pasado mucho personal docente y administrativo por el Instituto Mignone; se han sucedido intendentes de diferentes signos pol\u00edticos y se han producido cambios\u00a0 profundos en la Educaci\u00f3n tanto en el orden nacional como provincial. Igual que todos los establecimientos educativos, el Instituto Mignone debi\u00f3 y debe adaptarse a esos cambios.<\/span><\/p>\n<p><span style=\"color: #336666; font-family: verdana, geneva; font-size: 10pt;\">El Instituto Mignone depende administrativamente de la Muncipalidad de Luj\u00e1n y su m\u00e1xima autoridad es quien est\u00e9 a cargo del Poder Ejecutivo de la misma. Desde el punto de vista pedag\u00f3gico es supervisado por la Direcci\u00f3n Provincial de Educaci\u00f3n de Gesti\u00f3n Privada (DIPREGEP). Est\u00e1 reconocido por ese organismo con el n\u00famero 2457.<\/span><\/p>\n<p><span style=\"color: #336666; font-family: verdana, geneva; font-size: 10pt;\">Al crearse el Instituto Mignone la actual DIPREGEP se denominaba Direcci\u00f3n de Ense\u00f1anza no Oficial (DENO).<\/span><\/p>\n<p><span style=\"color: #336666; font-family: verdana, geneva; font-size: 10pt;\">Parte de los sueldos de los docentes\u00a0 est\u00e1n subvencionados por la Provincia de Buenos Aires y otros son abonados por la Municipalidad de Luj\u00e1n. El Municipio realiza una importante inversi\u00f3n econ\u00f3mica para mantener este establecimiento.<\/span><\/p>\n<p><span style=\"color: #336666; font-family: verdana, geneva; font-size: 10pt;\">El Instituto Mignone Mignone suma su esfuerzo a la amplia oferta educativa de Luj\u00e1n y aporta significativamente a la cultura local y regional.<\/span><\/p>\n<p><span style=\"color: #336666; font-family: verdana, geneva; font-size: 10pt;\">Ha ganado un merecido prestigio en la comunidad y sus egresados se insertan con \u00e9xito en el quehacer de sus distintas especialidades.<\/span><\/p>\n<p><span style=\"color: #336666; font-family: verdana, geneva; font-size: 10pt;\">En el largo camino recorrido en todos estos a\u00f1os ha sufrido diversos avatares y dificultades; sin embargo, la voluntad de superarlos ha prevalecido siempre, gracias al empe\u00f1o, fundamentalmente, de quienes est\u00e1n convencidos de que luchar por la educaci\u00f3n es luchar por la dignidad del hombre.<\/span><\/p>\n<p><strong><span style=\"color: #336666; font-family: verdana, geneva; font-size: 10pt;\">BIOGRAF\u00cdA DEL DR. EMILIO FERM\u00cdN MIGNONE<\/span><\/strong><\/p>\n<p><span style=\"color: #336666; font-family: verdana, geneva; font-size: 10pt;\">Con el t\u00edtulo \u201cUn referente \u00e9tico\u201d apareci\u00f3 en la publicaci\u00f3n \u201c30 a\u00f1os de lucha y esperanza\u201d, del 2006, de la Municipalidad de Luj\u00e1n, la siguiente rese\u00f1a sobre la vida del Dr. Emilio Ferm\u00edn Mignone:<\/span><\/p>\n<p><span style=\"color: #336666; font-family: verdana, geneva; font-size: 10pt;\">\u201cEmilio Ferm\u00edn MIgnone naci\u00f3 en Luj\u00e1n el 23 de julio de 1922. Se recibi\u00f3 de abogado en la Facultad de Derecho y Ciencias Sociales de la Universidad Nacional de Buenos Aires.<\/span><\/p>\n<p><span style=\"color: #336666; font-family: verdana, geneva; font-size: 10pt;\">\u201cTras la desaparici\u00f3n de su hija M\u00f3nica durante la \u00faltima dictadura militar, el 14 de mayo de 1976, el Dr. Mignone luch\u00f3 incansablemente por la defensa de los Derechos Humanos.<\/span><\/p>\n<p><span style=\"color: #336666; font-family: verdana, geneva; font-size: 10pt;\">\u201cFue Presidente Honorario y miembro fundador del Centro de Estudios Legales y Sociales (CELS) junto a Augusto conte, Alfredo Galleti, Carmen A. Lapac\u00f3, Boris Pasik, Ang\u00e9lica Sosa de Mignone y Jos\u00e9 Westerkamp.<\/span><\/p>\n<p><span style=\"color: #336666; font-family: verdana, geneva; font-size: 10pt;\">El CELS, organismo no gubernamental, comenz\u00f3 a funcionar en 1979 con el prop\u00f3sito de definir objetivos claros en la defensa de los Derechos Humanos que hicieran posible una tarea de oposici\u00f3n y resistencia a\u00a0 los abusos de poder a su vez en el plano de la denuncia y el estudio de la metodolog\u00eda represiva.<\/span><\/p>\n<p><span style=\"color: #336666; font-family: verdana, geneva; font-size: 10pt;\">\u201cGracias a la activa participaci\u00f3n de los dirigentes de dicho organismo, distintas organizaciones visitaron la Argentina con el objeto de evaluar la situaci\u00f3n de los Derechos Humanos durante la \u00faltima dictadura. Entre ellos figuran Amnist\u00eda Internacional (1976), the Association of the Bar of the City of New York y The Lawyers Committee for Human Rights (1979) y la Comisi\u00f3n Interamericana de Derechos Humanos de la OEA (1979) cuyo informe fue ocultado por la dictadura militar, pero distribuido clandestinamente por el CELS y el Center of Legal and Social Research (1980).<\/span><\/p>\n<p><span style=\"color: #336666; font-family: verdana, geneva; font-size: 10pt;\">\u201cEn 1981 Mignone y Conte presentaron un documento sobre El Paralelismo Global en el Coloquio de Par\u00eds, sobre las Desapariciones Forzadas, organizado por el exilio argentino. Ese documento fue considerado como la primera explicaci\u00f3n coherente del m\u00e9todo represivo implementado por las Fuerzas Armadas y logr\u00f3 una importante repercusi\u00f3n en la prensa europea. Como consecuencia de esta presentaci\u00f3n, las oficinas del CELS fueron allanadas un mes m\u00e1s tarde y sus dirigentes detenidos y acusados de poseer informaci\u00f3n militar secreta. Sin embargo la prueba judicial era falsa. El documento hab\u00eda sido elaborado sobre la base de testimonios, indicios y deducciones l\u00f3gicas.<\/span><\/p>\n<p><span style=\"color: #336666; font-family: verdana, geneva; font-size: 10pt;\">\u201cEl Dr. Mignone particip\u00f3 en numerosos congresos, seminarios y paneles en la Argentina, Europa y Asia. Y se destac\u00f3 por su vasta trayectoria acad\u00e9mica a nivel nacional e internacional.<\/span><\/p>\n<p><span style=\"color: #336666; font-family: verdana, geneva; font-size: 10pt;\">\u201cFue miembro del Consejo de Administraci\u00f3n del Latin American Scholarship Program, Cambridge, EE.UU.; del Consejo Internacional Contra la Censusa, Londres; de la Comisi\u00f3n Consultiva de Universidades Privadas; de la Comisi\u00f3n Asesora de la Universidad Nacional de Quilmes y el Consejo Acad\u00e9mico y docente de la Maestr\u00eda en Pol\u00edtica y Gesti\u00f3n de la Ciencia y la Tecnolog\u00eda del Centro de Estudios Avanzados, UBA. Asimismo, integr\u00f3 el Consejo de Presidencia de la Asamblea Permanente de los Derechos Humanos; el Consejo Directivo del Instituto Interamericano de Derechos Humanos y desempe\u00f1\u00f3 cargos de responsabilidad en la esfera de la ense\u00f1anza en el pa\u00eds y consultor\u00eda en organismos internacionales.<\/span><\/p>\n<p><span style=\"color: #336666; font-family: verdana, geneva; font-size: 10pt;\">\u201cEjerci\u00f3 la docencia como profesor en establecimientos estatales y privados de educaci\u00f3n secundaria, t\u00e9cnica y terciaria; en las Universidades de Buenos Aires, UCA, FLACSO, y en The Catholic University of America. Fue director de seminarios en universidades latinoamericanas, europeas y nortemericanas; y profesor em\u00e9rito de la Universidad Nacional de Quilmes y Honorario de la UBA.<\/span><\/p>\n<p><span style=\"color: #336666; font-family: verdana, geneva; font-size: 10pt;\">\u201cRecibi\u00f3 m\u00faltiples distinciones entre las que figuran los premios Latelier-Moffin Memorial Human Rights Award otorgado por el Institute for Police Studies de Washinton; Roger E. Joseph de la Hebreun Union College de New York; Derechos Humanos de The Lawyer Committee for Human Rights de New York.<\/span><\/p>\n<p><span style=\"color: #336666; font-family: verdana, geneva; font-size: 10pt;\">\u201cEl Dr. Mignone falleci\u00f3 en Buenos Aires el 21 de diciembre de 1988\u201d.<\/span><\/p>\n<p><strong><span style=\"color: #336666; font-family: verdana, geneva; font-size: 10pt;\">BIOGRAF\u00cdA DEL DR. EMILIO FERM\u00cdN MIGNONE\u00a0<\/span><\/strong><\/p>\n<p><span style=\"color: #336666; font-family: verdana, geneva; font-size: 10pt;\"><em>REALIZADA POR EL ALUMNO LUCAS DI PIETRO DE TERCER A\u00d1O DE LA CARRERA DE ANALISTA EN SERVICIOS GASTRON\u00d3MICOS CICLO LECTIVO 2008.<\/em><\/span><\/p>\n<p><span style=\"color: #336666; font-family: verdana, geneva; font-size: 10pt;\">Naci\u00f3 en Luj\u00e1n el 23 de julio de 1922. Se recibi\u00f3 de abogado en la Universidad de Buenos Aires. Se especializ\u00f3 en derecho p\u00fablico, pol\u00edtica educativa y cient\u00edfico-tecnol\u00f3gica, historia contempor\u00e1nea, derechos humanos y relaciones entre religi\u00f3n y sociedad.<\/span><\/p>\n<p><span style=\"color: #336666; font-family: verdana, geneva; font-size: 10pt;\">Su actividad p\u00fablica tuvo amplia repercusi\u00f3n period\u00edstica y quedan numerosos libros, folletos, art\u00edculos, minutas y ensayos, as\u00ed como tambi\u00e9n videos y filmaciones.<\/span><\/p>\n<p><span style=\"color: #336666; font-family: verdana, geneva; font-size: 10pt;\">En su \u201cIglesia y dictadura\u201d (Ediciones del Pensamiento Nacional, 1986) y en otras publicaciones y reportajes, Mignone dej\u00f3 riguroso testimonio de las relaciones de la Iglesia Cat\u00f3lica con el poder pol\u00edtico ejercido entre 1976 y 1983, juzgadas desde la \u00f3ptica de la defensa de la vida humana y del respeto a los derechos fundamentales.<\/span><\/p>\n<p><span style=\"color: #336666; font-family: verdana, geneva; font-size: 10pt;\">Egres\u00f3, en 1940, con el mejor promedio del Instituto Nuestra Se\u00f1ora de Luj\u00e1n de los Hermanos Marista y fue dirigente del movimiento juvenil cat\u00f3lico.<\/span><\/p>\n<p><span style=\"color: #336666; font-family: verdana, geneva; font-size: 10pt;\">Integr\u00f3 grupos de trabajo apost\u00f3licos y promovi\u00f3 acciones formativo-educativas en un peri\u00f3dico juvenil de avanzada: Antorcha, del que fue su primer director. Particip\u00f3 en Luj\u00e1n de la creaci\u00f3n de la Fundaci\u00f3n Ateneo de la Juventud Lujanense, redact\u00f3 sus estatutos, se desempe\u00f1\u00f3 como primer prosecretario y tramit\u00f3 la personer\u00eda jur\u00eddica.<\/span><\/p>\n<p><span style=\"color: #336666; font-family: verdana, geneva; font-size: 10pt;\">En 1979, mientras gobernaba la dictadura militar del Proceso, fund\u00f3 junto a los abogados Augusto Conte, Boris Pasik y Alfredo Galetti, el Centro de Estudios Legales y Sociales (CELS), cuya presidencia ejerci\u00f3 hasta su muerte.<\/span><\/p>\n<p><span style=\"color: #336666; font-family: verdana, geneva; font-size: 10pt;\">Emilio Mignone es una de las personalidades m\u00e1s destacadas en la ardua y arriesgada lucha por la vigencia de los Derechos Humanos.<\/span><\/p>\n<p><span style=\"color: #336666; font-family: verdana, geneva; font-size: 10pt;\">Actu\u00f3 siempre convencido de que el movimiento por los Derechos Humanos terminar\u00eda ganando la batalla por \u201cverdad y justicia\u201d.<\/span><\/p>\n<p><span style=\"color: #336666; font-family: verdana, geneva; font-size: 10pt;\">Entre l948 y 1952, con s\u00f3lo 27 a\u00f1os, condujo la ense\u00f1anza oficial bonaerense promoviendo la modernizaci\u00f3n de la legislaci\u00f3n y fijando pautas para su transformaci\u00f3n.<\/span><\/p>\n<p><span style=\"color: #336666; font-family: verdana, geneva; font-size: 10pt;\">En el per\u00edodo 1968-1971 se desempe\u00f1\u00f3 como consultor experto en educaci\u00f3n en la Organizaci\u00f3n de Estados Americanos, con residencia en Washington.<\/span><\/p>\n<p><span style=\"color: #336666; font-family: verdana, geneva; font-size: 10pt;\">Regres\u00f3 al pa\u00eds y en los tres a\u00f1os siguientes fue Subsecretario de Educaci\u00f3n de la Naci\u00f3n \u2013bajo la dictadura de Juan Carlos Ongan\u00eda \u2013 demostrando una vez m\u00e1s su capacidad de gesti\u00f3n.<\/span><\/p>\n<p><span style=\"color: #336666; font-family: verdana, geneva; font-size: 10pt;\">En noviembre de 1972 acompa\u00f1o el regreso al pa\u00eds, tras diecisiete a\u00f1os de exilio, del ex presidente Juan Domingo Per\u00f3n.<\/span><\/p>\n<p><span style=\"color: #336666; font-family: verdana, geneva; font-size: 10pt;\">En 1973 fue designado rector-normalizador de la Universidad Nacional de Luj\u00e1n, por el Dr. H\u00e9ctor J. C\u00e1mpora. Continu\u00f3 en el cargo hasta el golpe militar de 1976.<\/span><\/p>\n<p><span style=\"color: #336666; font-family: verdana, geneva; font-size: 10pt;\">Fue candidato, en varias oportunidades, a ocupar el rectorado de la Universidad de Buenos Aires. Nunca abandon\u00f3 su inter\u00e9s por la educaci\u00f3n, especialmente la superior y la universitaria. En 1993 se incorpor\u00f3 a la Academia Nacional de Educaci\u00f3n. Desde 1998 y hasta su muerte fue presidente de la Comisi\u00f3n Nacional de Evaluaci\u00f3n y Acreditaci\u00f3n (CONEAU).<\/span><\/p>\n<p><span style=\"color: #336666; font-family: verdana, geneva; font-size: 10pt;\">En 1956 fund\u00f3 el peri\u00f3dico La Voz de Luj\u00e1n y colabor\u00f3 con distintos medios, entre ellos, P\u00e1gina\/12.<\/span><\/p>\n<p><span style=\"color: #336666; font-family: verdana, geneva; font-size: 10pt;\">Sus conocimientos y su experiencia lo convirtieron en un observador agudo y un cr\u00edtico certero de la realidad argentina. Sus opiniones alcanzaron gran predicamento y valor.<\/span><\/td>\n<\/tr>\n<\/tbody>\n<\/table>\n","protected":false},"excerpt":{"rendered":"<p>Historia ORIGEN Y EVOLUCI\u00d3N DESDE SU CREACI\u00d3N EN 1987 HASTA 2008. Apuntes elaborados por el Lic. Antonino E. Mart\u00ednezINTRODUCCI\u00d3N.Su denominaci\u00f3n completa es INSTITUTO MUNICIPAL SUPERIOR DE EDUCACI\u00d3N Y TECNOLOG\u00cdA \u201cDR. EMILIO FERM\u00cdN MIGNONE\u201d. Fue creado por la Municipalidad de Luj\u00e1n mediante la ordenanza N\u00ba 2018 sancionada por el Honorable Consejo Deliberante el 30 de abril &#8230; <a title=\"Historia\" class=\"read-more\" href=\"https:\/\/institutoemignone-bue.infd.edu.ar\/sitio\/historia\/\" aria-label=\"More on Historia\">[+]<\/a><\/p>\n","protected":false},"author":1417,"featured_media":0,"parent":0,"menu_order":0,"comment_status":"closed","ping_status":"closed","template":"","meta":[],"acf":[],"_links":{"self":[{"href":"https:\/\/institutoemignone-bue.infd.edu.ar\/sitio\/wp-json\/wp\/v2\/pages\/829"}],"collection":[{"href":"https:\/\/institutoemignone-bue.infd.edu.ar\/sitio\/wp-json\/wp\/v2\/pages"}],"about":[{"href":"https:\/\/institutoemignone-bue.infd.edu.ar\/sitio\/wp-json\/wp\/v2\/types\/page"}],"author":[{"embeddable":true,"href":"https:\/\/institutoemignone-bue.infd.edu.ar\/sitio\/wp-json\/wp\/v2\/users\/1417"}],"replies":[{"embeddable":true,"href":"https:\/\/institutoemignone-bue.infd.edu.ar\/sitio\/wp-json\/wp\/v2\/comments?post=829"}],"version-history":[{"count":4,"href":"https:\/\/institutoemignone-bue.infd.edu.ar\/sitio\/wp-json\/wp\/v2\/pages\/829\/revisions"}],"predecessor-version":[{"id":1158,"href":"https:\/\/institutoemignone-bue.infd.edu.ar\/sitio\/wp-json\/wp\/v2\/pages\/829\/revisions\/1158"}],"wp:attachment":[{"href":"https:\/\/institutoemignone-bue.infd.edu.ar\/sitio\/wp-json\/wp\/v2\/media?parent=829"}],"curies":[{"name":"wp","href":"https:\/\/api.w.org\/{rel}","templated":true}]}}