{"id":822,"date":"2018-08-29T17:09:47","date_gmt":"2018-08-29T20:09:47","guid":{"rendered":"https:\/\/institutoemignone-bue.infd.edu.ar\/sitio\/datos-institucionales\/"},"modified":"2025-05-21T19:18:42","modified_gmt":"2025-05-21T22:18:42","slug":"datos-institucionales","status":"publish","type":"page","link":"https:\/\/institutoemignone-bue.infd.edu.ar\/sitio\/datos-institucionales\/","title":{"rendered":"Datos institucionales"},"content":{"rendered":"<blockquote>\n<ul>\n<li><span style=\"font-family: verdana, geneva; font-size: 10pt;\">Instituto Municipal Superior de Educaci\u00f3n y Tecnolog\u00eda \u00abDr Emilio Mignone\u00bb<\/span><\/li>\n<li><span style=\"font-family: verdana, geneva; font-size: 10pt;\">DIEGEP 2457\u00a0<\/span><\/li>\n<li><span style=\"font-family: verdana, geneva; font-size: 10pt;\">Avellaneda 1389. Luj\u00e1n. Buenos Aires. Argentina.\u00a0<\/span><\/li>\n<li><span style=\"font-family: verdana, geneva; font-size: 10pt;\">institutomignone@yahoo.com.ar<\/span><\/li>\n<li><span style=\"font-family: verdana, geneva; font-size: 10pt;\"><a href=\"https:\/\/www.facebook.com\/institutomignone\" target=\"_blank\" rel=\"noopener\">https:\/\/www.facebook.com\/institutomignone<\/a><\/span><\/li>\n<li><a href=\"https:\/\/www.instagram.com\/institutomignone\"><span style=\"font-family: verdana, geneva; font-size: 10pt;\">https:\/\/www.instagram.com\/institutomignone<\/span><\/a><\/li>\n<\/ul>\n<h2><span style=\"color: #000080;\">Entidad Propietaria<\/span><\/h2>\n<ul>\n<li>\u00a0Municipalidad de Luj\u00e1n<\/li>\n<li><span style=\"color: #000080;\"><strong>Representantes legales<\/strong>:<\/span> Mat\u00edas Fern\u00e1ndez &#8211; Vanina Pascualin<\/li>\n<\/ul>\n<h2><span style=\"color: #000080;\">Equipo de Conducci\u00f3n<\/span><\/h2>\n<ul>\n<li><span style=\"color: #000080;\"><strong>Director<\/strong><\/span>: Fernando Gabriel Guti\u00e9rrez<\/li>\n<li><strong><span style=\"color: #000080;\">Regente<\/span>:<\/strong> Alejandro Bull\u00f3n<\/li>\n<li><strong><span style=\"color: #000080;\">Secretaria DIEGEP<\/span>: <\/strong>L\u00f3pez de Opac\u00faa, Miriam<\/li>\n<li><span style=\"color: #000080;\"><strong>Secretar\u00eda Municipal<\/strong><\/span>: Marcelo Voigt<\/li>\n<li><span style=\"color: #000080;\"><strong>Coordinadores\/as de carrera:<\/strong><\/span>\n<ul>\n<li><strong>Bibliotecolog\u00eda:<\/strong> Mar\u00eda del Carmen Simiones<\/li>\n<li><strong>Dise\u00f1o y producci\u00f3n de indumentaria:<\/strong> Marianela Derisio<\/li>\n<li><strong>Educaci\u00f3n F\u00edsica:<\/strong> Supl. Silvina Batista.<\/li>\n<li><strong>Gesti\u00f3n Cultural: <\/strong>Nora Miglioranza.<\/li>\n<li><strong>Relaciones P\u00fablicas:<\/strong> Mariana Ballesteros<\/li>\n<li><strong>Servicios Gastron\u00f3micos: <\/strong>Pamela Antunez<\/li>\n<\/ul>\n<\/li>\n<\/ul>\n<\/blockquote>\n","protected":false},"excerpt":{"rendered":"<p>Instituto Municipal Superior de Educaci\u00f3n y Tecnolog\u00eda \u00abDr Emilio Mignone\u00bb DIEGEP 2457\u00a0 Avellaneda 1389. Luj\u00e1n. Buenos Aires. Argentina.\u00a0 institutomignone@yahoo.com.ar https:\/\/www.facebook.com\/institutomignone https:\/\/www.instagram.com\/institutomignone Entidad Propietaria \u00a0Municipalidad de Luj\u00e1n Representantes legales: Mat\u00edas Fern\u00e1ndez &#8211; Vanina Pascualin Equipo de Conducci\u00f3n Director: Fernando Gabriel Guti\u00e9rrez Regente: Alejandro Bull\u00f3n Secretaria DIEGEP: L\u00f3pez de Opac\u00faa, Miriam Secretar\u00eda Municipal: Marcelo Voigt Coordinadores\/as de &#8230; <a title=\"Datos institucionales\" class=\"read-more\" href=\"https:\/\/institutoemignone-bue.infd.edu.ar\/sitio\/datos-institucionales\/\" aria-label=\"More on Datos institucionales\">[+]<\/a><\/p>\n","protected":false},"author":1417,"featured_media":0,"parent":0,"menu_order":0,"comment_status":"closed","ping_status":"closed","template":"","meta":[],"acf":[],"_links":{"self":[{"href":"https:\/\/institutoemignone-bue.infd.edu.ar\/sitio\/wp-json\/wp\/v2\/pages\/822"}],"collection":[{"href":"https:\/\/institutoemignone-bue.infd.edu.ar\/sitio\/wp-json\/wp\/v2\/pages"}],"about":[{"href":"https:\/\/institutoemignone-bue.infd.edu.ar\/sitio\/wp-json\/wp\/v2\/types\/page"}],"author":[{"embeddable":true,"href":"https:\/\/institutoemignone-bue.infd.edu.ar\/sitio\/wp-json\/wp\/v2\/users\/1417"}],"replies":[{"embeddable":true,"href":"https:\/\/institutoemignone-bue.infd.edu.ar\/sitio\/wp-json\/wp\/v2\/comments?post=822"}],"version-history":[{"count":5,"href":"https:\/\/institutoemignone-bue.infd.edu.ar\/sitio\/wp-json\/wp\/v2\/pages\/822\/revisions"}],"predecessor-version":[{"id":2285,"href":"https:\/\/institutoemignone-bue.infd.edu.ar\/sitio\/wp-json\/wp\/v2\/pages\/822\/revisions\/2285"}],"wp:attachment":[{"href":"https:\/\/institutoemignone-bue.infd.edu.ar\/sitio\/wp-json\/wp\/v2\/media?parent=822"}],"curies":[{"name":"wp","href":"https:\/\/api.w.org\/{rel}","templated":true}]}}