{"id":803,"date":"2018-08-29T17:09:38","date_gmt":"2018-08-29T20:09:38","guid":{"rendered":"https:\/\/institutoemignone-bue.infd.edu.ar\/sitio\/gestion-cultural\/"},"modified":"2024-11-11T11:42:17","modified_gmt":"2024-11-11T14:42:17","slug":"gestion-cultural","status":"publish","type":"page","link":"https:\/\/institutoemignone-bue.infd.edu.ar\/sitio\/gestion-cultural\/","title":{"rendered":"Gesti\u00f3n Cultural"},"content":{"rendered":"<p style=\"text-align: center;\">\n<p><img decoding=\"async\" loading=\"lazy\" class=\"alignnone size-medium wp-image-1957\" src=\"https:\/\/institutoemignone-bue.infd.edu.ar\/sitio\/wp-content\/uploads\/2023\/09\/IMG-20230926-WA0122-1000x450.jpg\" alt=\"\" width=\"1000\" height=\"450\" srcset=\"https:\/\/institutoemignone-bue.infd.edu.ar\/sitio\/wp-content\/uploads\/2023\/09\/IMG-20230926-WA0122-1000x450.jpg 1000w, https:\/\/institutoemignone-bue.infd.edu.ar\/sitio\/wp-content\/uploads\/2023\/09\/IMG-20230926-WA0122-768x346.jpg 768w, https:\/\/institutoemignone-bue.infd.edu.ar\/sitio\/wp-content\/uploads\/2023\/09\/IMG-20230926-WA0122-1536x691.jpg 1536w, https:\/\/institutoemignone-bue.infd.edu.ar\/sitio\/wp-content\/uploads\/2023\/09\/IMG-20230926-WA0122.jpg 1600w\" sizes=\"(max-width: 1000px) 100vw, 1000px\" \/><\/p>\n<p>El T\u00e9cnico Superior en Gesti\u00f3n Cultural ser\u00e1 capaz de analizar y evaluar la producci\u00f3n cultural para dise\u00f1ar, planificar, gestionar y ejecutar proyectos culturales sustentables que, respetando la diversidad cultural, promuevan el desarrollo local en el marco de una cultura cada vez m\u00e1s globalizada.<\/p>\n<p><span style=\"font-family: verdana, geneva; font-size: 10pt;\"><strong><span style=\"color: #000080;\">CARRERA:<\/span> <\/strong><\/span><span style=\"font-family: verdana, geneva; font-size: 10pt;\">TECNICATURA SUPERIOR EN GESTI\u00d3N CULTURAL<\/span><\/p>\n<p><span style=\"font-family: verdana, geneva; font-size: 10pt;\"><strong><span style=\"color: #000080;\">T\u00cdTULO<\/span>: <\/strong><\/span><span style=\"font-family: verdana, geneva; font-size: 10pt;\">T\u00c9CNICO SUPERIOR EN GESTI\u00d3N CULTURAL<\/span><\/p>\n<p><span style=\"font-family: verdana, geneva; font-size: 10pt;\"><strong><span style=\"color: #000080;\">NIVEL<\/span>:<\/strong>\u00a0TERCIARIO<\/span><\/p>\n<p><span style=\"font-family: verdana, geneva; font-size: 10pt;\"><strong><span style=\"color: #000080;\">MODALIDAD<\/span>:<\/strong>\u00a0Presencial<\/span><\/p>\n<p><span style=\"font-family: verdana, geneva; font-size: 10pt;\"><strong><span style=\"color: #000080;\">DURACI\u00d3N<\/span>:<\/strong>\u00a03 a\u00f1os<\/span><\/p>\n<p><span style=\"font-family: verdana, geneva; font-size: 10pt;\"><span style=\"color: #000080;\"><strong>CANTIDAD DE HORAS:<\/strong><\/span>\u00a01824 horas.<\/span><\/p>\n<p><span style=\"font-family: verdana, geneva; font-size: 10pt;\"><span style=\"color: #000080;\"><strong>RESOLUCI\u00d3N<\/strong><\/span>\u00a0N\u00ba 686 \/ 07<\/span><\/p>\n<p><span style=\"font-family: verdana, geneva; font-size: 10pt;\"><span style=\"color: #000080;\"><strong>MODALIDAD DE CURSADA DE 1er A\u00d1O<\/strong>: <\/span>Lunes a viernes entre las 17.30 hs. y las 22 hs.<\/span><\/p>\n<p><span style=\"font-family: verdana, geneva; font-size: 10pt; color: #000080;\"><strong>M\u00e1s Informaci\u00f3n<\/strong><\/span><\/p>\n<ul>\n<li><a href=\"https:\/\/drive.google.com\/file\/d\/1DSPgCt7bGvU1raFvrR0j4NR3kYb3SK4K\/view?usp=sharing\"><span style=\"font-family: verdana, geneva; font-size: 10pt;\">Objetivos y Perfil del Egresado<\/span><\/a><\/li>\n<li><a href=\"https:\/\/abc.gob.ar\/secretarias\/sites\/default\/files\/2021-06\/TS%20en%20Gesti\u00f3n%20Cultural%20-%20Res.%20686_07_0.pdf\"><span style=\"font-family: verdana, geneva; font-size: 10pt;\">Resoluci\u00f3n y Estructura Curricular<\/span><\/a><\/li>\n<\/ul>\n","protected":false},"excerpt":{"rendered":"<p>El T\u00e9cnico Superior en Gesti\u00f3n Cultural ser\u00e1 capaz de analizar y evaluar la producci\u00f3n cultural para dise\u00f1ar, planificar, gestionar y ejecutar proyectos culturales sustentables que, respetando la diversidad cultural, promuevan el desarrollo local en el marco de una cultura cada vez m\u00e1s globalizada. CARRERA: TECNICATURA SUPERIOR EN GESTI\u00d3N CULTURAL T\u00cdTULO: T\u00c9CNICO SUPERIOR EN GESTI\u00d3N CULTURAL &#8230; <a title=\"Gesti\u00f3n Cultural\" class=\"read-more\" href=\"https:\/\/institutoemignone-bue.infd.edu.ar\/sitio\/gestion-cultural\/\" aria-label=\"More on Gesti\u00f3n Cultural\">[+]<\/a><\/p>\n","protected":false},"author":1417,"featured_media":0,"parent":0,"menu_order":0,"comment_status":"closed","ping_status":"closed","template":"","meta":[],"acf":[],"_links":{"self":[{"href":"https:\/\/institutoemignone-bue.infd.edu.ar\/sitio\/wp-json\/wp\/v2\/pages\/803"}],"collection":[{"href":"https:\/\/institutoemignone-bue.infd.edu.ar\/sitio\/wp-json\/wp\/v2\/pages"}],"about":[{"href":"https:\/\/institutoemignone-bue.infd.edu.ar\/sitio\/wp-json\/wp\/v2\/types\/page"}],"author":[{"embeddable":true,"href":"https:\/\/institutoemignone-bue.infd.edu.ar\/sitio\/wp-json\/wp\/v2\/users\/1417"}],"replies":[{"embeddable":true,"href":"https:\/\/institutoemignone-bue.infd.edu.ar\/sitio\/wp-json\/wp\/v2\/comments?post=803"}],"version-history":[{"count":13,"href":"https:\/\/institutoemignone-bue.infd.edu.ar\/sitio\/wp-json\/wp\/v2\/pages\/803\/revisions"}],"predecessor-version":[{"id":2232,"href":"https:\/\/institutoemignone-bue.infd.edu.ar\/sitio\/wp-json\/wp\/v2\/pages\/803\/revisions\/2232"}],"wp:attachment":[{"href":"https:\/\/institutoemignone-bue.infd.edu.ar\/sitio\/wp-json\/wp\/v2\/media?parent=803"}],"curies":[{"name":"wp","href":"https:\/\/api.w.org\/{rel}","templated":true}]}}