{"id":801,"date":"2018-08-29T17:09:38","date_gmt":"2018-08-29T20:09:38","guid":{"rendered":"https:\/\/institutoemignone-bue.infd.edu.ar\/sitio\/bibliotecologia\/"},"modified":"2024-11-11T16:41:58","modified_gmt":"2024-11-11T19:41:58","slug":"bibliotecologia","status":"publish","type":"page","link":"https:\/\/institutoemignone-bue.infd.edu.ar\/sitio\/bibliotecologia\/","title":{"rendered":"Bibliotecolog\u00eda"},"content":{"rendered":"<p><img decoding=\"async\" loading=\"lazy\" class=\"alignnone size-medium wp-image-1959\" src=\"https:\/\/institutoemignone-bue.infd.edu.ar\/sitio\/wp-content\/uploads\/2023\/09\/IMG-20230926-WA0061-1000x563.jpg\" alt=\"\" width=\"1000\" height=\"563\" srcset=\"https:\/\/institutoemignone-bue.infd.edu.ar\/sitio\/wp-content\/uploads\/2023\/09\/IMG-20230926-WA0061-1000x563.jpg 1000w, https:\/\/institutoemignone-bue.infd.edu.ar\/sitio\/wp-content\/uploads\/2023\/09\/IMG-20230926-WA0061-768x432.jpg 768w, https:\/\/institutoemignone-bue.infd.edu.ar\/sitio\/wp-content\/uploads\/2023\/09\/IMG-20230926-WA0061-1536x864.jpg 1536w, https:\/\/institutoemignone-bue.infd.edu.ar\/sitio\/wp-content\/uploads\/2023\/09\/IMG-20230926-WA0061.jpg 1600w\" sizes=\"(max-width: 1000px) 100vw, 1000px\" \/><\/p>\n<p>El Bibliotecario es un profesional capacitado para trabajar en el campo de la Informaci\u00f3n y la Documentaci\u00f3n, a cargo de la gesti\u00f3n, organizaci\u00f3n, planificaci\u00f3n, programaci\u00f3n y evaluaci\u00f3n de todo lo concerniente a Unidades y Sistemas de Informaci\u00f3n, tanto generales,<br \/>\nespeciales como especializadas. Es un profesional consciente de que el hombre social de hoy, depende cada vez m\u00e1s de la informaci\u00f3n, del conocimiento, de la creatividad individual y colectiva y de su alfabetizaci\u00f3n inform\u00e1tica, para integrarse a la cultura que imponen los tiempos actuales y para la correcta toma de decisiones. Es un profesional id\u00f3neo, con el conocimiento de las bases te\u00f3ricas que le permiten comprender al hombre, su realidad social, pol\u00edtica y econ\u00f3mica, e interpretar la demanda de informaci\u00f3n de todos los actores sociales. En s\u00edntesis: El Bibliotecario es un profesional capacitado para trabajar en el campo de la Informaci\u00f3n documental, que proyecta, planifica, administra, gestiona y eval\u00faa, todo lo concerniente a Unidades de Informaci\u00f3n tanto generales, especiales como especializadas; participa en la proyecci\u00f3n y dise\u00f1o de Sistemas de Informaci\u00f3n con el objeto de detectar las necesidades de informaci\u00f3n de la comunidad para satisfacerlas desde la funci\u00f3n social que le es propia.<\/p>\n<p><span style=\"font-family: verdana, geneva; font-size: 10pt;\"><strong><span style=\"color: #000080;\">CARRERA<\/span>: <\/strong>TECNICATURA SUPERIOR EN BIBLIOTECOLOG\u00cdA<\/span><\/p>\n<p><span style=\"font-family: verdana, geneva; font-size: 10pt;\"><strong><span style=\"color: #000080;\">T\u00cdTULO<\/span>: <\/strong><\/span><span style=\"font-family: verdana, geneva; font-size: 10pt;\">BIBLIOTECARIO<\/span><\/p>\n<p><span style=\"font-family: verdana, geneva; font-size: 10pt;\"><strong><span style=\"color: #000080;\">NIVEL<\/span>:<\/strong>\u00a0TERCIARIO<\/span><\/p>\n<p><span style=\"font-family: verdana, geneva; font-size: 10pt;\"><strong><span style=\"color: #000080;\">MODALIDAD<\/span>:<\/strong>\u00a0Presencial<\/span><\/p>\n<p><span style=\"font-family: verdana, geneva; font-size: 10pt;\"><strong><span style=\"color: #000080;\">DURACI\u00d3N<\/span>:<\/strong>\u00a03 a\u00f1os<\/span><\/p>\n<p><span style=\"font-family: verdana, geneva; font-size: 10pt;\"><strong><span style=\"color: #000080;\">CANTIDAD DE HORAS<\/span>:<\/strong> 2272 horas.<\/span><\/p>\n<p><span style=\"font-family: verdana, geneva; font-size: 10pt;\"><span style=\"color: #000080;\"><strong>RESOLUCI\u00d3N<\/strong>\u00a0<\/span>N\u00ba 5497\/2023<\/span><\/p>\n<p><span style=\"font-family: verdana, geneva; font-size: 10pt;\"><span style=\"color: #000080;\"><strong>MODALIDAD DE CURSADA DE 1er A\u00d1O<\/strong><\/span>: Lunes a viernes (17.30 a 22 hs aprox.)\u00a0<\/span><\/p>\n<p><span style=\"font-family: verdana, geneva; font-size: 10pt; color: #000080;\"><strong>M\u00e1s Informaci\u00f3n<\/strong><\/span><\/p>\n<ul>\n<li><a href=\"https:\/\/abc.gob.ar\/secretarias\/sites\/default\/files\/2023-12\/TS%20en%20Bibliotecologia%20-%20Res.%205497-23%20y%20Anexo.pdf\"><span style=\"font-family: verdana, geneva; font-size: 10pt;\">Resoluci\u00f3n<\/span><\/a><\/li>\n<\/ul>\n","protected":false},"excerpt":{"rendered":"<p>El Bibliotecario es un profesional capacitado para trabajar en el campo de la Informaci\u00f3n y la Documentaci\u00f3n, a cargo de la gesti\u00f3n, organizaci\u00f3n, planificaci\u00f3n, programaci\u00f3n y evaluaci\u00f3n de todo lo concerniente a Unidades y Sistemas de Informaci\u00f3n, tanto generales, especiales como especializadas. Es un profesional consciente de que el hombre social de hoy, depende cada &#8230; <a title=\"Bibliotecolog\u00eda\" class=\"read-more\" href=\"https:\/\/institutoemignone-bue.infd.edu.ar\/sitio\/bibliotecologia\/\" aria-label=\"More on Bibliotecolog\u00eda\">[+]<\/a><\/p>\n","protected":false},"author":1417,"featured_media":0,"parent":0,"menu_order":0,"comment_status":"closed","ping_status":"closed","template":"","meta":[],"acf":[],"_links":{"self":[{"href":"https:\/\/institutoemignone-bue.infd.edu.ar\/sitio\/wp-json\/wp\/v2\/pages\/801"}],"collection":[{"href":"https:\/\/institutoemignone-bue.infd.edu.ar\/sitio\/wp-json\/wp\/v2\/pages"}],"about":[{"href":"https:\/\/institutoemignone-bue.infd.edu.ar\/sitio\/wp-json\/wp\/v2\/types\/page"}],"author":[{"embeddable":true,"href":"https:\/\/institutoemignone-bue.infd.edu.ar\/sitio\/wp-json\/wp\/v2\/users\/1417"}],"replies":[{"embeddable":true,"href":"https:\/\/institutoemignone-bue.infd.edu.ar\/sitio\/wp-json\/wp\/v2\/comments?post=801"}],"version-history":[{"count":11,"href":"https:\/\/institutoemignone-bue.infd.edu.ar\/sitio\/wp-json\/wp\/v2\/pages\/801\/revisions"}],"predecessor-version":[{"id":2235,"href":"https:\/\/institutoemignone-bue.infd.edu.ar\/sitio\/wp-json\/wp\/v2\/pages\/801\/revisions\/2235"}],"wp:attachment":[{"href":"https:\/\/institutoemignone-bue.infd.edu.ar\/sitio\/wp-json\/wp\/v2\/media?parent=801"}],"curies":[{"name":"wp","href":"https:\/\/api.w.org\/{rel}","templated":true}]}}