{"id":286,"date":"2016-10-31T13:17:59","date_gmt":"2016-10-31T16:17:59","guid":{"rendered":"https:\/\/institutoemignone-bue.infd.edu.ar\/sitio\/?page_id=286"},"modified":"2024-11-14T22:22:36","modified_gmt":"2024-11-15T01:22:36","slug":"inicio","status":"publish","type":"page","link":"https:\/\/institutoemignone-bue.infd.edu.ar\/sitio\/","title":{"rendered":"Inicio"},"content":{"rendered":"<p>&nbsp;<\/p>\n<div id=\"metaslider-id-403\" style=\"width: 100%;\" class=\"ml-slider-3-33-0 metaslider metaslider-flex metaslider-403 ml-slider ms-theme-default\" role=\"region\" aria-roledescription=\"Slideshow\" aria-label=\"Slideshow\">\n    <div id=\"metaslider_container_403\">\n        <div id=\"metaslider_403\" class=\"flexslider\">\n            <ul aria-live=\"polite\" class=\"slides\">\n                <li style=\"display: block; width: 100%;\" class=\"slide-879 ms-image\" aria-roledescription=\"slide\" aria-label=\"slide-879\"><img src=\"https:\/\/institutoemignone-bue.infd.edu.ar\/sitio\/wp-content\/uploads\/2024\/10\/frente-instituto.jpg\" height=\"400\" width=\"1200\" alt=\"\" class=\"slider-403 slide-879\" title=\"Frente Instituto Municipal Superior en Educaci\u00f3n y Tecnolog\u00eda &quot;Dr. Emilio F. Mignone&quot;\" \/><div class=\"caption-wrap\"><div class=\"caption\">Instituto Municipal Superior en Educaci\u00f3n y Tecnolog\u00eda \"Dr. Emilio F. Mignone\"<\/div><\/div><\/li>\n                <li style=\"display: none; width: 100%;\" class=\"slide-607 ms-image\" aria-roledescription=\"slide\" aria-label=\"slide-607\"><a href=\"https:\/\/institutoemignone-bue.infd.edu.ar\/sitio\/tecnicatura-superior-en-diseno-y-produccion-de-indumentaria\/\" target=\"_blank\"><img src=\"https:\/\/institutoemignone-bue.infd.edu.ar\/sitio\/wp-content\/uploads\/2023\/09\/IMG_9995-771x257.jpg\" height=\"400\" width=\"1200\" alt=\"\" class=\"slider-403 slide-607\" title=\"IMG_9995\" \/><\/a><\/li>\n                <li style=\"display: none; width: 100%;\" class=\"slide-609 ms-image\" aria-roledescription=\"slide\" aria-label=\"slide-609\"><a href=\"https:\/\/institutoemignone-bue.infd.edu.ar\/sitio\/relaciones-publicas\/\" target=\"_blank\"><img src=\"https:\/\/institutoemignone-bue.infd.edu.ar\/sitio\/wp-content\/uploads\/2023\/09\/IMG-20230918-WA0076-1200x400.jpg\" height=\"400\" width=\"1200\" alt=\"\" class=\"slider-403 slide-609\" title=\"IMG-20230918-WA0076\" \/><\/a><div class=\"caption-wrap\"><div class=\"caption\">Relaciones P\u00fablicas (carrera no abierta en 2024, a cierre de cursada hasta 2026)<\/div><\/div><\/li>\n                <li style=\"display: none; width: 100%;\" class=\"slide-635 ms-image\" aria-roledescription=\"slide\" aria-label=\"slide-635\"><a href=\"https:\/\/institutoemignone-bue.infd.edu.ar\/sitio\/gestion-cultural\/\" target=\"_blank\"><img src=\"https:\/\/institutoemignone-bue.infd.edu.ar\/sitio\/wp-content\/uploads\/2023\/09\/IMG-20230926-WA0122-1200x400.jpg\" height=\"400\" width=\"1200\" alt=\"\" class=\"slider-403 slide-635\" title=\"IMG-20230926-WA0122\" \/><\/a><div class=\"caption-wrap\"><div class=\"caption\">Gesti\u00f3n Cultural<\/div><\/div><\/li>\n                <li style=\"display: none; width: 100%;\" class=\"slide-841 ms-image\" aria-roledescription=\"slide\" aria-label=\"slide-841\"><a href=\"https:\/\/institutoemignone-bue.infd.edu.ar\/sitio\/prof-educacion-fisica\/\" target=\"_self\"><img src=\"https:\/\/institutoemignone-bue.infd.edu.ar\/sitio\/wp-content\/uploads\/2023\/09\/IMG_2160-1200x400.jpeg\" height=\"400\" width=\"1200\" alt=\"\" class=\"slider-403 slide-841\" title=\"IMG_2160\" \/><\/a><\/li>\n                <li style=\"display: none; width: 100%;\" class=\"slide-843 ms-image\" aria-roledescription=\"slide\" aria-label=\"slide-843\"><a href=\"https:\/\/institutoemignone-bue.infd.edu.ar\/sitio\/gastronomia\/\" target=\"_self\"><img src=\"https:\/\/institutoemignone-bue.infd.edu.ar\/sitio\/wp-content\/uploads\/2023\/09\/gasttro1-1200x400.png\" height=\"400\" width=\"1200\" alt=\"\" class=\"slider-403 slide-843\" title=\"gasttro1\" \/><\/a><div class=\"caption-wrap\"><div class=\"caption\">Servicios Gastron\u00f3micos<\/div><\/div><\/li>\n                <li style=\"display: none; width: 100%;\" class=\"slide-855 ms-image\" aria-roledescription=\"slide\" aria-label=\"slide-855\"><a href=\"https:\/\/institutoemignone-bue.infd.edu.ar\/sitio\/bibliotecologia\/\" target=\"_self\"><img src=\"https:\/\/institutoemignone-bue.infd.edu.ar\/sitio\/wp-content\/uploads\/2023\/09\/IMG-20230926-WA0061-1200x400.jpg\" height=\"400\" width=\"1200\" alt=\"\" class=\"slider-403 slide-855\" title=\"IMG-20230926-WA0061\" \/><\/a><div class=\"caption-wrap\"><div class=\"caption\">Bibliotecolog\u00eda<\/div><\/div><\/li>\n            <\/ul>\n        <\/div>\n        \n    <\/div>\n<\/div>\n<hr \/>\n<p><strong><span style=\"color: #000000;\">Bienvenidos a nuestro querido Instituto Mignone<\/span><\/strong><\/p>\n<p>Desde el a\u00f1o 1987, el Instituto Municipal Superior de Educaci\u00f3n y Tecnolog\u00eda \u201cEmilio Ferm\u00edn Mignone\u201d, brinda la opci\u00f3n de una educaci\u00f3n terciaria de calidad. A trav\u00e9s de su Profesorado en Educaci\u00f3n F\u00edsica y sus cuatro tecnicaturas (Servicios Gastron\u00f3micos, Gesti\u00f3n Cultural, Dise\u00f1o y Producci\u00f3n de Indumentaria y Bibliotecolog\u00eda), se ofrece al estudiante una salida laboral amplia con una calidad espec\u00edfica en sus contenidos pedag\u00f3gicos. Nuestra ciudad de Luj\u00e1n, posee una amplia trayectoria comercial, tur\u00edstica y educativa, que requiere de profesionales con esp\u00edritu de vocaci\u00f3n. En este sentido, la educaci\u00f3n terciaria deber\u00e1 cumplir con los requisitos fundamentales para que la comunidad de nuestra ciudad y de localidades aleda\u00f1as, puedan concurrir a enriquecer conocimientos, apostando al crecimiento laboral desde la educaci\u00f3n y tecnolog\u00eda. Apostamos en el Instituto Mignone a trabajar en conjunto; directivos, docentes y personal auxiliar con el objetivo concreto de formar alumnos capaces de encarar una educaci\u00f3n de nivel terciario, pensando en el futuro y el crecimiento propio.<\/p>\n<p style=\"text-align: right;\"><strong>Equipo Directivo<\/strong><\/p>\n<p>&nbsp;<\/p>\n<p style=\"text-align: center;\"><iframe loading=\"lazy\" title=\"Video Institucional 2023\" src=\"https:\/\/www.youtube.com\/embed\/PHkPCwcSGzs\" width=\"853\" height=\"480\" frameborder=\"0\" allowfullscreen=\"allowfullscreen\"><\/iframe><\/p>\n<p>&nbsp;<\/p>\n<p>&nbsp;<\/p>\n","protected":false},"excerpt":{"rendered":"<p>&nbsp; Bienvenidos a nuestro querido Instituto Mignone Desde el a\u00f1o 1987, el Instituto Municipal Superior de Educaci\u00f3n y Tecnolog\u00eda \u201cEmilio Ferm\u00edn Mignone\u201d, brinda la opci\u00f3n de una educaci\u00f3n terciaria de calidad. A trav\u00e9s de su Profesorado en Educaci\u00f3n F\u00edsica y sus cuatro tecnicaturas (Servicios Gastron\u00f3micos, Gesti\u00f3n Cultural, Dise\u00f1o y Producci\u00f3n de Indumentaria y Bibliotecolog\u00eda), se &#8230; <a title=\"Inicio\" class=\"read-more\" href=\"https:\/\/institutoemignone-bue.infd.edu.ar\/sitio\/\" aria-label=\"More on Inicio\">[+]<\/a><\/p>\n","protected":false},"author":1,"featured_media":0,"parent":0,"menu_order":0,"comment_status":"closed","ping_status":"closed","template":"","meta":[],"acf":[],"_links":{"self":[{"href":"https:\/\/institutoemignone-bue.infd.edu.ar\/sitio\/wp-json\/wp\/v2\/pages\/286"}],"collection":[{"href":"https:\/\/institutoemignone-bue.infd.edu.ar\/sitio\/wp-json\/wp\/v2\/pages"}],"about":[{"href":"https:\/\/institutoemignone-bue.infd.edu.ar\/sitio\/wp-json\/wp\/v2\/types\/page"}],"author":[{"embeddable":true,"href":"https:\/\/institutoemignone-bue.infd.edu.ar\/sitio\/wp-json\/wp\/v2\/users\/1"}],"replies":[{"embeddable":true,"href":"https:\/\/institutoemignone-bue.infd.edu.ar\/sitio\/wp-json\/wp\/v2\/comments?post=286"}],"version-history":[{"count":203,"href":"https:\/\/institutoemignone-bue.infd.edu.ar\/sitio\/wp-json\/wp\/v2\/pages\/286\/revisions"}],"predecessor-version":[{"id":2242,"href":"https:\/\/institutoemignone-bue.infd.edu.ar\/sitio\/wp-json\/wp\/v2\/pages\/286\/revisions\/2242"}],"wp:attachment":[{"href":"https:\/\/institutoemignone-bue.infd.edu.ar\/sitio\/wp-json\/wp\/v2\/media?parent=286"}],"curies":[{"name":"wp","href":"https:\/\/api.w.org\/{rel}","templated":true}]}}