{"id":2301,"date":"2025-09-03T20:48:47","date_gmt":"2025-09-03T23:48:47","guid":{"rendered":"https:\/\/institutoemignone-bue.infd.edu.ar\/sitio\/?page_id=2301"},"modified":"2026-02-18T18:46:41","modified_gmt":"2026-02-18T21:46:41","slug":"inscripcion-2025-2","status":"publish","type":"page","link":"https:\/\/institutoemignone-bue.infd.edu.ar\/sitio\/inscripcion-2025-2\/","title":{"rendered":"Inscripci\u00f3n 2026"},"content":{"rendered":"\n<p>El Instituto Mignone informa sobre el proceso de inscripci\u00f3n para el ciclo lectivo 2026.<\/p>\n\n\n\n<p><strong>Requisitos<\/strong>: poseer t\u00edtulo secundario completo, certificado de t\u00edtulo en tr\u00e1mite al momento de la presentaci\u00f3n de la documentaci\u00f3n o hasta el comienzo del ciclo lectivo 2026 (16 de marzo).<\/p>\n\n\n\n<figure class=\"wp-block-table\"><table><tbody><tr><td><strong>ACLARACI\u00d3N IMPORTANTE: los requisitos de ingreso y la metodolog\u00eda est\u00e1n sujetos al R\u00e9gimen Acad\u00e9mico Marco (RAM), Resoluci\u00f3n N\u00b0 4196\/24 y sus modificatorias por la Direcci\u00f3n de nivel Superior de la Direcci\u00f3n General de Escuelas de la Provincia de Buenos Aires.<\/strong><\/td><\/tr><\/tbody><\/table><\/figure>\n\n\n\n<p>Aclaramos que este instituto es de car\u00e1cter gratuito y todos los t\u00edtulos son oficiales.<\/p>\n\n\n\n<p><strong>Carreras \u2013 PREINSCRIPCI\u00d3N WEB DEL 3\/11 AL 3\/12\/2025:<\/strong><\/p>\n\n\n\n<ul>\n<li>Profesorado en Educaci\u00f3n F\u00edsica&nbsp;CERRADA<\/li>\n\n\n\n<li><a href=\"https:\/\/docs.google.com\/forms\/d\/e\/1FAIpQLSdqzgYHgv1CxrZkNEKzOcypimXHWw5DZDIRRO2qYBJgWcdVGA\/viewform\" target=\"_blank\" rel=\"noreferrer noopener\">Tecnicatura Superior en Bibliotecolog\u00eda CONTIN\u00daA INSCRIPCI\u00d3N<\/a><\/li>\n\n\n\n<li>Tecnicatura Superior en Dise\u00f1o y Producci\u00f3n de Indumentaria&nbsp;CERRADA<\/li>\n\n\n\n<li><a href=\"https:\/\/docs.google.com\/forms\/d\/e\/1FAIpQLSe28DgSM07jWc6MrwloXd-2gyYBZvCE2yr0GVMd2FkUq3ZfXg\/viewform\">Tecnicatura Superior en Gesti\u00f3n Cultural&nbsp;<\/a>CONTIN\u00daA INSCRIPCI\u00d3N<\/li>\n\n\n\n<li>Tecnicatura Superior en Servicios Gastron\u00f3micos CERRADA<\/li>\n<\/ul>\n\n\n\n<p><strong>INSCRIPCI\u00d3N PROFESORADO DE EDUCACI\u00d3N F\u00cdSICA<\/strong><\/p>\n\n\n\n<p>Para el ingreso 2026 el profesorado de Educaci\u00f3n F\u00edsica tendr\u00e1 un&nbsp;<strong>cupo de 35 estudiantes<\/strong>, se realizar\u00e1 de acuerdo al siguiente cronograma:<\/p>\n\n\n\n<ul>\n<li><strong>FECHAS y ETAPAS<\/strong><\/li>\n<\/ul>\n\n\n\n<ol>\n<li>Etapa 1:&nbsp;<strong>Pre-inscripci\u00f3n virtual<\/strong>:&nbsp;&nbsp;<strong><em>del 3 de noviembre al 3 de diciembre de 2025.&nbsp;<\/em><\/strong><\/li>\n\n\n\n<li>Etapa 2:&nbsp;<strong>SORTEO:&nbsp;<\/strong>se realizar\u00e1 con aquellos que cumplimentaron la pre-inscripci\u00f3n web en tiempo y forma&nbsp; (<strong>18 de diciembre&nbsp;<\/strong><strong><em>de 2025, Loter\u00eda Nocturna Provincial<\/em><\/strong>).<\/li>\n\n\n\n<li>Etapa 3:&nbsp;<strong>Entrega de documentaci\u00f3n.<\/strong>&nbsp;No se aceptar\u00e1 documentaci\u00f3n fuera de t\u00e9rmino y solamente la podr\u00e1n realizar los aspirantes preinscriptos.&nbsp;<strong>Fecha: del 11\/02 al 13\/02\/2026.<\/strong><\/li>\n\n\n\n<li>Etapa 4:&nbsp;<strong>Actividad Introductoria<\/strong>&nbsp;Con la documentaci\u00f3n entregada obligatoria en tiempo y forma en las etapas anteriores, acceden a la Actividad. Aquellos que no cumplan con los requisitos, ni participen de las actividades, ni hayan entregado la documentaci\u00f3n completa quedan afuera del ingreso 2026 y se llamar\u00e1n a los siguientes de la lista de espera.&nbsp;<strong><em>Fecha: del 23\/2\/26 al 27\/02\/2026<\/em><\/strong><strong>.<\/strong><\/li>\n<\/ol>\n\n\n\n<p><strong>IMPORTANTE:&nbsp; <\/strong>m\u00e1s detalle sobre la metodolog\u00eda de la inscripci\u00f3n y entrega de documentaci\u00f3n PEF se brinda a trav\u00e9s del siguiente enlace. \u2013&gt; <a href=\"https:\/\/drive.google.com\/file\/d\/180YhLXwIf3kDNmLY0BXjFyIQGotDW2cK\/view?usp=sharing\" target=\"_blank\" rel=\"noreferrer noopener\"><strong>ENL<\/strong>ACE<\/a><\/p>\n\n\n\n<p><strong>INSCRIPCI\u00d3N TECNICATURAS<\/strong><\/p>\n\n\n\n<p><strong>Preinscripci\u00f3n web del 3\/11 hasta el 3\/12\/2025<\/strong>&nbsp;<\/p>\n\n\n\n<ul>\n<li>Tecnicatura Superior en Bibliotecolog\u00eda<\/li>\n\n\n\n<li>Tecnicatura Superior en Dise\u00f1o y Producci\u00f3n de Indumentaria<\/li>\n\n\n\n<li>Tecnicatura Superior en Gesti\u00f3n Cultural&nbsp;<\/li>\n\n\n\n<li>Tecnicatura Superior en Servicios Gastron\u00f3micos<\/li>\n<\/ul>\n\n\n\n<p><strong>FECHAS y ETAPAS<\/strong><\/p>\n\n\n\n<ol>\n<li>Etapa 1:&nbsp;<strong>Preinscripci\u00f3n web<\/strong>:&nbsp;<strong>del 03\/11\/2025 al 3\/12\/2025<\/strong>.<\/li>\n\n\n\n<li>Etapa 2:&nbsp;<strong>SORTEO<\/strong>&nbsp;(s\u00f3lo si se excede el cupo correspondiente de 35 en cada carrera).<strong>&nbsp;18\/12\/25<\/strong><\/li>\n\n\n\n<li>Etapa 2:&nbsp;<strong>Entrega de documentaci\u00f3n, s\u00f3lo los sorteados en el caso de superar cupo (se comunicar\u00e1n los turnos v\u00eda mail y\/o campus virtual).<\/strong>&nbsp;11\/2\/2026&nbsp; al 13\/2\/26.<\/li>\n<\/ol>\n\n\n\n<p><strong>IMPORTANTE:&nbsp; <\/strong>m\u00e1s detalle sobre la metodolog\u00eda de la inscripci\u00f3n y entrega de documentaci\u00f3n TECNICATURAS se brinda a trav\u00e9s del siguiente enlace. \u2013&gt; <a href=\"https:\/\/drive.google.com\/file\/d\/10Gms_zq0_k9oQvE88oWUyd0z88usIcrk\/view?usp=sharing\">ENLACE<\/a><\/p>\n","protected":false},"excerpt":{"rendered":"<p>El Instituto Mignone informa sobre el proceso de inscripci\u00f3n para el ciclo lectivo 2026. Requisitos: poseer t\u00edtulo secundario completo, certificado de t\u00edtulo en tr\u00e1mite al momento de la presentaci\u00f3n de la documentaci\u00f3n o hasta el comienzo del ciclo lectivo 2026 (16 de marzo). ACLARACI\u00d3N IMPORTANTE: los requisitos de ingreso y la metodolog\u00eda est\u00e1n sujetos al &#8230; <a title=\"Inscripci\u00f3n 2026\" class=\"read-more\" href=\"https:\/\/institutoemignone-bue.infd.edu.ar\/sitio\/inscripcion-2025-2\/\" aria-label=\"More on Inscripci\u00f3n 2026\">[+]<\/a><\/p>\n","protected":false},"author":1415,"featured_media":0,"parent":0,"menu_order":0,"comment_status":"closed","ping_status":"closed","template":"","meta":[],"acf":[],"_links":{"self":[{"href":"https:\/\/institutoemignone-bue.infd.edu.ar\/sitio\/wp-json\/wp\/v2\/pages\/2301"}],"collection":[{"href":"https:\/\/institutoemignone-bue.infd.edu.ar\/sitio\/wp-json\/wp\/v2\/pages"}],"about":[{"href":"https:\/\/institutoemignone-bue.infd.edu.ar\/sitio\/wp-json\/wp\/v2\/types\/page"}],"author":[{"embeddable":true,"href":"https:\/\/institutoemignone-bue.infd.edu.ar\/sitio\/wp-json\/wp\/v2\/users\/1415"}],"replies":[{"embeddable":true,"href":"https:\/\/institutoemignone-bue.infd.edu.ar\/sitio\/wp-json\/wp\/v2\/comments?post=2301"}],"version-history":[{"count":20,"href":"https:\/\/institutoemignone-bue.infd.edu.ar\/sitio\/wp-json\/wp\/v2\/pages\/2301\/revisions"}],"predecessor-version":[{"id":2384,"href":"https:\/\/institutoemignone-bue.infd.edu.ar\/sitio\/wp-json\/wp\/v2\/pages\/2301\/revisions\/2384"}],"wp:attachment":[{"href":"https:\/\/institutoemignone-bue.infd.edu.ar\/sitio\/wp-json\/wp\/v2\/media?parent=2301"}],"curies":[{"name":"wp","href":"https:\/\/api.w.org\/{rel}","templated":true}]}}