{"id":2159,"date":"2024-10-30T14:40:15","date_gmt":"2024-10-30T17:40:15","guid":{"rendered":"https:\/\/institutoemignone-bue.infd.edu.ar\/sitio\/?page_id=2159"},"modified":"2025-02-07T08:47:12","modified_gmt":"2025-02-07T11:47:12","slug":"inscripcion-2025","status":"publish","type":"page","link":"https:\/\/institutoemignone-bue.infd.edu.ar\/sitio\/inscripcion-2025\/","title":{"rendered":"INSCRIPCI\u00d3N 2025"},"content":{"rendered":"\n<p>El Instituto Mignone informa sobre el proceso de inscripci\u00f3n para el ciclo lectivo 2025.<\/p>\n\n\n\n<p><strong>Requisitos<\/strong>: poseer t\u00edtulo secundario completo, certificado de t\u00edtulo en tr\u00e1mite al momento de la presentaci\u00f3n de la documentaci\u00f3n.<\/p>\n\n\n\n<figure class=\"wp-block-table\"><table><tbody><tr><td><strong>ACLARACI\u00d3N IMPORTANTE: los requisitos de ingreso y la metodolog\u00eda est\u00e1n sujetos a las modificaciones del Nuevo R\u00e9gimen Acad\u00e9mico pr\u00f3ximo a aprobarse por la Direcci\u00f3n de nivel Superior de la Direcci\u00f3n General de Escuelas de la Provincia de Buenos Aires.<\/strong><\/td><\/tr><\/tbody><\/table><\/figure>\n\n\n\n<p>Aclaramos que este instituto es de car\u00e1cter gratuito y todos los t\u00edtulos son oficiales.<\/p>\n\n\n\n<p><strong>Carreras &#8211; PREINSCRIPCI\u00d3N WEB DEL 4\/11 AL 4\/12\/2024:<\/strong><\/p>\n\n\n\n<ul>\n<li>Profesorado en Educaci\u00f3n F\u00edsica &#8211;&gt; <strong>CERRADA<\/strong><\/li>\n\n\n\n<li>Tecnicatura Superior en Bibliotecolog\u00eda \u2192 <strong>CERRADA<\/strong> <\/li>\n\n\n\n<li>Tecnicatura Superior en Dise\u00f1o y Producci\u00f3n de Indumentaria \u2192 <strong>CERRADA<\/strong><\/li>\n\n\n\n<li>Tecnicatura Superior en Gesti\u00f3n Cultural \u2192 <a href=\"https:\/\/docs.google.com\/forms\/d\/e\/1FAIpQLSe28DgSM07jWc6MrwloXd-2gyYBZvCE2yr0GVMd2FkUq3ZfXg\/viewform\">CONTINUA PREINSCRIPCI\u00d3N WEB<\/a> <\/li>\n\n\n\n<li>Tecnicatura Superior en Servicios Gastron\u00f3micos \u2192 <strong>CERRADA<\/strong><\/li>\n<\/ul>\n\n\n\n<p><strong>INSCRIPCI\u00d3N PROFESORADO DE EDUCACI\u00d3N F\u00cdSICA<\/strong><\/p>\n\n\n\n<p><\/p>\n\n\n\n<p>Para el ingreso 2025 el profesorado de Educaci\u00f3n F\u00edsica tendr\u00e1 un <strong>cupo de 35 estudiantes<\/strong>, se realizar\u00e1 de acuerdo al siguiente cronograma:<\/p>\n\n\n\n<ul>\n<li><strong>FECHAS y ETAPAS<\/strong><\/li>\n<\/ul>\n\n\n\n<ol>\n<li>Etapa 1: <strong>Pre-inscripci\u00f3n virtual<\/strong>:&nbsp; <strong><em>del 4 de noviembre al 4 de diciembre 2024.&nbsp;<\/em><\/strong>\n<ul>\n<li><strong>PREINSCRIPCI\u00d3N WEB: Profesorado en Educaci\u00f3n F\u00edsica -&gt; CERRADA<\/strong><\/li>\n<\/ul>\n<\/li>\n\n\n\n<li>Etapa 2: <strong>Entrega de documentaci\u00f3n.<\/strong> No se aceptar\u00e1 documentaci\u00f3n fuera de t\u00e9rmino y solamente la podr\u00e1n realizar los que se preinscribieron virtualmente. <strong>Fecha: del 17\/02 al 21\/02\/2025.<\/strong><\/li>\n\n\n\n<li>Etapa 3: <strong>Actividad Introductoria<\/strong> Con la documentaci\u00f3n entregada en tiempo y forma en las etapas anteriores, acceden a la Actividad: <strong><em>Fecha: del 24\/2\/24 al 28\/02\/2025<\/em><\/strong><strong>.<\/strong><\/li>\n\n\n\n<li>Etapa 4: <strong>SORTEO: <\/strong>se realizar\u00e1 con aquellos que cumplimentaron en tiempo y forma el Taller Introductorio&nbsp; (<strong>3<\/strong><strong><em> de marzo de 2025, Loter\u00eda Nocturna Provincial<\/em><\/strong>).<\/li>\n<\/ol>\n\n\n\n<p><strong>IMPORTANTE:&nbsp; <\/strong>m\u00e1s detalle sobre la metodolog\u00eda de la inscripci\u00f3n y entrega de documentaci\u00f3n se brindar\u00e1 a trav\u00e9s del siguiente enlace:<a href=\"https:\/\/institutoemignone-bue.infd.edu.ar\/sitio\/metodologia-de-ingreso-y-documentacion-a-entregar-al-profesorado-de-educacion-fisica-2025\/\" target=\"_blank\" rel=\"noreferrer noopener\"> INFO<\/a><\/p>\n\n\n\n<p><strong>INSCRIPCI\u00d3N TECNICATURAS<\/strong><\/p>\n\n\n\n<p><strong>Preinscripci\u00f3n web del 4\/11 hasta el 4\/12\/2024<\/strong> &#8211;<strong> CONTIN\u00daA ABIERTA INSCRIPCI\u00d6N GESTI\u00d3N CULTURAL Y BIBLIOTECOLOG\u00cdA<\/strong><\/p>\n\n\n\n<ul>\n<li>Tecnicatura Superior en Bibliotecolog\u00eda \u2192 CERRADA<\/li>\n\n\n\n<li>Tecnicatura Superior en Dise\u00f1o y Producci\u00f3n de Indumentaria \u2192 <strong>CERRADA<a href=\"https:\/\/docs.google.com\/forms\/d\/e\/1FAIpQLSehCvAQcz6zymwpuIcspvyzknfDveXoisjaKmMuxzF1g7cOcg\/viewform\">&nbsp;<\/a><\/strong><\/li>\n\n\n\n<li>Tecnicatura Superior en Gesti\u00f3n Cultural \u2192 <a href=\"https:\/\/docs.google.com\/forms\/d\/e\/1FAIpQLSe28DgSM07jWc6MrwloXd-2gyYBZvCE2yr0GVMd2FkUq3ZfXg\/viewform\">ENLACE A PREINSCRIPCI\u00d3N WEB<\/a><\/li>\n\n\n\n<li>Tecnicatura Superior en Servicios Gastron\u00f3micos \u2192<strong> CERRADA<\/strong><\/li>\n<\/ul>\n\n\n\n<p><\/p>\n\n\n\n<p><strong>FECHAS y ETAPAS<\/strong><\/p>\n\n\n\n<ol>\n<li>Etapa 1: <strong>Preinscripci\u00f3n web<\/strong>: <strong>del 04\/11\/2024 al 4\/12\/2024<\/strong>.<\/li>\n\n\n\n<li>Etapa 2: <strong>Entrega de documentaci\u00f3n s\u00f3lo los inscriptos virtualmente en la etapa 1 (se comunicar\u00e1n los turnos v\u00eda mail y\/o campus virtual).<\/strong> 12\/2\/2025&nbsp; al 14\/2\/25<\/li>\n\n\n\n<li>Etapa 3: <strong>SORTEO<\/strong> (s\u00f3lo si se excede el cupo correspondiente de 35 en cada carrera).<strong> 3\/3\/25<\/strong><\/li>\n<\/ol>\n\n\n\n<p><strong>IMPORTANTE<\/strong>:&nbsp; m\u00e1s detalle sobre la <strong>metodolog\u00eda de la inscripci\u00f3n y entrega de documentaci\u00f3<\/strong>n se brindar\u00e1 a trav\u00e9s del siguiente enlace: <a href=\"https:\/\/institutoemignone-bue.infd.edu.ar\/sitio\/metodologia-de-ingreso-2025\/\" target=\"_blank\" rel=\"noreferrer noopener\">INFO<\/a><\/p>\n\n\n\n<p><\/p>\n","protected":false},"excerpt":{"rendered":"<p>El Instituto Mignone informa sobre el proceso de inscripci\u00f3n para el ciclo lectivo 2025. Requisitos: poseer t\u00edtulo secundario completo, certificado de t\u00edtulo en tr\u00e1mite al momento de la presentaci\u00f3n de la documentaci\u00f3n. ACLARACI\u00d3N IMPORTANTE: los requisitos de ingreso y la metodolog\u00eda est\u00e1n sujetos a las modificaciones del Nuevo R\u00e9gimen Acad\u00e9mico pr\u00f3ximo a aprobarse por la &#8230; <a title=\"INSCRIPCI\u00d3N 2025\" class=\"read-more\" href=\"https:\/\/institutoemignone-bue.infd.edu.ar\/sitio\/inscripcion-2025\/\" aria-label=\"More on INSCRIPCI\u00d3N 2025\">[+]<\/a><\/p>\n","protected":false},"author":1415,"featured_media":0,"parent":0,"menu_order":0,"comment_status":"closed","ping_status":"closed","template":"","meta":[],"acf":[],"_links":{"self":[{"href":"https:\/\/institutoemignone-bue.infd.edu.ar\/sitio\/wp-json\/wp\/v2\/pages\/2159"}],"collection":[{"href":"https:\/\/institutoemignone-bue.infd.edu.ar\/sitio\/wp-json\/wp\/v2\/pages"}],"about":[{"href":"https:\/\/institutoemignone-bue.infd.edu.ar\/sitio\/wp-json\/wp\/v2\/types\/page"}],"author":[{"embeddable":true,"href":"https:\/\/institutoemignone-bue.infd.edu.ar\/sitio\/wp-json\/wp\/v2\/users\/1415"}],"replies":[{"embeddable":true,"href":"https:\/\/institutoemignone-bue.infd.edu.ar\/sitio\/wp-json\/wp\/v2\/comments?post=2159"}],"version-history":[{"count":25,"href":"https:\/\/institutoemignone-bue.infd.edu.ar\/sitio\/wp-json\/wp\/v2\/pages\/2159\/revisions"}],"predecessor-version":[{"id":2267,"href":"https:\/\/institutoemignone-bue.infd.edu.ar\/sitio\/wp-json\/wp\/v2\/pages\/2159\/revisions\/2267"}],"wp:attachment":[{"href":"https:\/\/institutoemignone-bue.infd.edu.ar\/sitio\/wp-json\/wp\/v2\/media?parent=2159"}],"curies":[{"name":"wp","href":"https:\/\/api.w.org\/{rel}","templated":true}]}}